{"id":6213,"date":"2024-04-20T17:06:05","date_gmt":"2024-04-20T17:06:05","guid":{"rendered":"https:\/\/garola.es\/?post_type=product&#038;p=6213"},"modified":"2024-04-23T08:38:50","modified_gmt":"2024-04-23T08:38:50","slug":"calcetines-batman-comic","status":"publish","type":"product","link":"https:\/\/garola.es\/es\/calcetines-batman-comic\/","title":{"rendered":"Calcetines Batman comic"},"content":{"rendered":"<div class=\"elementor-element elementor-element-4f47c7c elementor-widget elementor-widget-woocommerce-product-short-description\" data-id=\"4f47c7c\" data-element_type=\"widget\" data-widget_type=\"woocommerce-product-short-description.default\">\n<div class=\"elementor-widget-container\">\n<div class=\"woocommerce-product-details__short-description\">\n<p>Calcetines Batman Comic<\/p>\n<p>Medio en el que aparece Batman en formato c\u00f3mic en un fondo naranja.<\/p>\n<p>Un producto muy original, ideal para regalo de complemento.<\/p>\n<p>Estampaci\u00f3n digital.<\/p>\n<p>Talla \u00danica: (40-45)<\/p>\n<p>Composici\u00f3n: 80% algod\u00f3n 15% microfibra 5%elast\u00e1n<\/p>\n<\/div>\n<\/div>\n<\/div>\n<p>&nbsp;<\/p>\n<p>&nbsp;<\/p>\n","protected":false},"excerpt":{"rendered":"<div class=\"elementor-element elementor-element-4f47c7c elementor-widget elementor-widget-woocommerce-product-short-description\" data-id=\"4f47c7c\" data-element_type=\"widget\" data-widget_type=\"woocommerce-product-short-description.default\">\n<div class=\"elementor-widget-container\">\n<div class=\"woocommerce-product-details__short-description\">\n<p>Calcetines Batman Comic<\/p>\n<p>Medio en el que aparece Batman en formato c\u00f3mic en un fondo naranja.<\/p>\n<p>Un producto muy original, ideal para regalo de complemento.<\/p>\n<p>Estampaci\u00f3n digital.<\/p>\n<p>Talla \u00danica: (40-45)<\/p>\n<p>Composici\u00f3n: 80% algod\u00f3n 15% microfibra 5%elast\u00e1n<\/p>\n<\/div>\n<\/div>\n<\/div>\n","protected":false},"featured_media":6176,"template":"","meta":[],"product_brand":[],"product_cat":[134,158],"product_tag":[240],"class_list":{"0":"post-6213","1":"product","2":"type-product","3":"status-publish","4":"has-post-thumbnail","6":"product_cat-calcetines","7":"product_cat-calcetines-es","8":"product_tag-shop-es","10":"first","11":"instock","12":"sale","13":"taxable","14":"shipping-taxable","15":"purchasable","16":"product-type-simple"},"_links":{"self":[{"href":"https:\/\/garola.es\/es\/wp-json\/wp\/v2\/product\/6213","targetHints":{"allow":["GET"]}}],"collection":[{"href":"https:\/\/garola.es\/es\/wp-json\/wp\/v2\/product"}],"about":[{"href":"https:\/\/garola.es\/es\/wp-json\/wp\/v2\/types\/product"}],"version-history":[{"count":3,"href":"https:\/\/garola.es\/es\/wp-json\/wp\/v2\/product\/6213\/revisions"}],"predecessor-version":[{"id":6236,"href":"https:\/\/garola.es\/es\/wp-json\/wp\/v2\/product\/6213\/revisions\/6236"}],"wp:featuredmedia":[{"embeddable":true,"href":"https:\/\/garola.es\/es\/wp-json\/wp\/v2\/media\/6176"}],"wp:attachment":[{"href":"https:\/\/garola.es\/es\/wp-json\/wp\/v2\/media?parent=6213"}],"wp:term":[{"taxonomy":"product_brand","embeddable":true,"href":"https:\/\/garola.es\/es\/wp-json\/wp\/v2\/product_brand?post=6213"},{"taxonomy":"product_cat","embeddable":true,"href":"https:\/\/garola.es\/es\/wp-json\/wp\/v2\/product_cat?post=6213"},{"taxonomy":"product_tag","embeddable":true,"href":"https:\/\/garola.es\/es\/wp-json\/wp\/v2\/product_tag?post=6213"}],"curies":[{"name":"wp","href":"https:\/\/api.w.org\/{rel}","templated":true}]}}