{"id":6302,"date":"2024-09-16T10:39:23","date_gmt":"2024-09-16T10:39:23","guid":{"rendered":"https:\/\/garola.es\/?post_type=product&#038;p=6302"},"modified":"2026-01-16T19:25:43","modified_gmt":"2026-01-16T19:25:43","slug":"boxer-freegun-copia","status":"publish","type":"product","link":"https:\/\/garola.es\/es\/boxer-freegun-copia\/","title":{"rendered":"Boxer Dragon Ball"},"content":{"rendered":"<p>Boxer Dragon Ball<\/p>\n<p>&nbsp;<\/p>\n<p>\u00a1La marca Freegun nos regala estos boxers estampados tan originales!<\/p>\n<p>\u00a1Tus dibujos de tus series preferidas ahora en formato boxer!<\/p>\n<p>\u00a1Escoge talla y modelo y ll\u00e9vatelos!<\/p>\n<p>La composici\u00f3n \u00e9s de lycra . Se ajusta de forma estupenda en tu cintura y son muy c\u00f3modos<\/p>\n<p>&nbsp;<\/p>\n","protected":false},"excerpt":{"rendered":"<p>Boxer Dragon Ball &nbsp; \u00a1La marca Freegun nos regala estos boxers estampados tan originales! \u00a1Tus dibujos de tus series preferidas ahora en formato boxer! \u00a1Escoge talla y modelo y ll\u00e9vatelos! La composici\u00f3n \u00e9s de lycra . Se ajusta de forma estupenda en tu cintura y son muy c\u00f3modos &nbsp;<\/p>\n","protected":false},"featured_media":6850,"template":"","meta":[],"product_brand":[],"product_cat":[278,154],"product_tag":[240],"class_list":{"0":"post-6302","1":"product","2":"type-product","3":"status-publish","4":"has-post-thumbnail","6":"product_cat-boxers-es","7":"product_cat-underwear-es","8":"product_tag-shop-es","10":"first","11":"instock","12":"featured","13":"taxable","14":"shipping-taxable","15":"purchasable","16":"product-type-variable"},"_links":{"self":[{"href":"https:\/\/garola.es\/es\/wp-json\/wp\/v2\/product\/6302","targetHints":{"allow":["GET"]}}],"collection":[{"href":"https:\/\/garola.es\/es\/wp-json\/wp\/v2\/product"}],"about":[{"href":"https:\/\/garola.es\/es\/wp-json\/wp\/v2\/types\/product"}],"version-history":[{"count":3,"href":"https:\/\/garola.es\/es\/wp-json\/wp\/v2\/product\/6302\/revisions"}],"predecessor-version":[{"id":6471,"href":"https:\/\/garola.es\/es\/wp-json\/wp\/v2\/product\/6302\/revisions\/6471"}],"wp:featuredmedia":[{"embeddable":true,"href":"https:\/\/garola.es\/es\/wp-json\/wp\/v2\/media\/6850"}],"wp:attachment":[{"href":"https:\/\/garola.es\/es\/wp-json\/wp\/v2\/media?parent=6302"}],"wp:term":[{"taxonomy":"product_brand","embeddable":true,"href":"https:\/\/garola.es\/es\/wp-json\/wp\/v2\/product_brand?post=6302"},{"taxonomy":"product_cat","embeddable":true,"href":"https:\/\/garola.es\/es\/wp-json\/wp\/v2\/product_cat?post=6302"},{"taxonomy":"product_tag","embeddable":true,"href":"https:\/\/garola.es\/es\/wp-json\/wp\/v2\/product_tag?post=6302"}],"curies":[{"name":"wp","href":"https:\/\/api.w.org\/{rel}","templated":true}]}}