{"id":6358,"date":"2024-09-16T15:05:26","date_gmt":"2024-09-16T15:05:26","guid":{"rendered":"https:\/\/garola.es\/?post_type=product&#038;p=6358"},"modified":"2025-02-20T17:39:19","modified_gmt":"2025-02-20T17:39:19","slug":"shop-boxers","status":"publish","type":"product","link":"https:\/\/garola.es\/es\/shop-boxers\/","title":{"rendered":"Boxer Super Mario"},"content":{"rendered":"<p>Boxer Super Mario<\/p>\n<p>\u00a1La marca Freegun nos regala estos boxers estampados tan originales!<\/p>\n<p>\u00a1Tus dibujos de tus series preferidas ahora en formato boxer!<\/p>\n<p>\u00a1Escoge talla y modelo y ll\u00e9vatelos!<\/p>\n<p>La composici\u00f3n \u00e9s de 92% poliester y 8%elastano La goma del boxer \u00e9s de 100% algod\u00f3n Se ajusta de forma estupenda en tu cintura y son muy c\u00f3modos<\/p>\n<p>&nbsp;<\/p>\n","protected":false},"excerpt":{"rendered":"<p>Boxer Super Mario \u00a1La marca Freegun nos regala estos boxers estampados tan originales! \u00a1Tus dibujos de tus series preferidas ahora en formato boxer! \u00a1Escoge talla y modelo y ll\u00e9vatelos! La composici\u00f3n \u00e9s de 92% poliester y 8%elastano La goma del boxer \u00e9s de 100% algod\u00f3n Se ajusta de forma estupenda en tu cintura y son [&hellip;]<\/p>\n","protected":false},"featured_media":6627,"template":"","meta":[],"product_brand":[],"product_cat":[278,154],"product_tag":[240],"class_list":{"0":"post-6358","1":"product","2":"type-product","3":"status-publish","4":"has-post-thumbnail","6":"product_cat-boxers-es","7":"product_cat-underwear-es","8":"product_tag-shop-es","10":"first","11":"instock","12":"taxable","13":"shipping-taxable","14":"purchasable","15":"product-type-variable"},"_links":{"self":[{"href":"https:\/\/garola.es\/es\/wp-json\/wp\/v2\/product\/6358","targetHints":{"allow":["GET"]}}],"collection":[{"href":"https:\/\/garola.es\/es\/wp-json\/wp\/v2\/product"}],"about":[{"href":"https:\/\/garola.es\/es\/wp-json\/wp\/v2\/types\/product"}],"version-history":[{"count":4,"href":"https:\/\/garola.es\/es\/wp-json\/wp\/v2\/product\/6358\/revisions"}],"predecessor-version":[{"id":6572,"href":"https:\/\/garola.es\/es\/wp-json\/wp\/v2\/product\/6358\/revisions\/6572"}],"wp:featuredmedia":[{"embeddable":true,"href":"https:\/\/garola.es\/es\/wp-json\/wp\/v2\/media\/6627"}],"wp:attachment":[{"href":"https:\/\/garola.es\/es\/wp-json\/wp\/v2\/media?parent=6358"}],"wp:term":[{"taxonomy":"product_brand","embeddable":true,"href":"https:\/\/garola.es\/es\/wp-json\/wp\/v2\/product_brand?post=6358"},{"taxonomy":"product_cat","embeddable":true,"href":"https:\/\/garola.es\/es\/wp-json\/wp\/v2\/product_cat?post=6358"},{"taxonomy":"product_tag","embeddable":true,"href":"https:\/\/garola.es\/es\/wp-json\/wp\/v2\/product_tag?post=6358"}],"curies":[{"name":"wp","href":"https:\/\/api.w.org\/{rel}","templated":true}]}}