{"id":6692,"date":"2025-05-29T10:01:43","date_gmt":"2025-05-29T10:01:43","guid":{"rendered":"https:\/\/garola.es\/?post_type=product&#038;p=6692"},"modified":"2026-01-26T17:44:51","modified_gmt":"2026-01-26T17:44:51","slug":"tints-divina-one-essentials-colors-basics","status":"publish","type":"product","link":"https:\/\/garola.es\/es\/tints-divina-one-essentials-colors-basics\/","title":{"rendered":"Tint Divina.One"},"content":{"rendered":"<p>Tint Divina.One<\/p>\n<p>Quantitat: 60ml.<\/p>\n","protected":false},"excerpt":{"rendered":"<p><strong>Tint Divina.One\u00a0<\/strong><\/p>\n<p>(Format anterior)<\/p>\n<p>&nbsp;<\/p>\n<p><strong>(Per a m\u00e9s quantitats, consulteu-nos a garolareus@gmail.com)<\/strong><\/p>\n<p>Divina.One \u00e9s la gamma de tints de p\u00e8l d&#8217;Eva Professional.<\/p>\n<p>La tecnologia UCS.2 Ultra Colour System Technology \u00e9s l&#8217;encarregada de potenciar al m\u00e0xim les propietats dels seus principis actius.<\/p>\n<p>Es tracta d\u00b4una coloraci\u00f3 d\u00b4alta intensitat i amb un nivell superior d\u00b4hidrataci\u00f3.<\/p>\n<p>&nbsp;<\/p>\n<p>Beneficis:<\/p>\n<p>Hidrataci\u00f3 profunda i color en un sol pas<br \/>\nAclariment uniforme<br \/>\nOxidaci\u00f3 controlada<br \/>\nM\u00e0xima penetraci\u00f3 i retenci\u00f3 del color<br \/>\nM\u00e0xima cobertura de cana<br \/>\nResultats de color radiants i plens de brillantor<br \/>\nServei optimitzat de color en una sola cita<\/p>\n<p>F\u00f3rmula: sense Parabens, sense Silicones, sense Sulfats.<\/p>\n<p>Disponible a 60ml.<\/p>\n<p>*Es recomana que aquest producte sigui manipulat per un\/a professional.<\/p>\n<p>.<\/p>\n","protected":false},"featured_media":6921,"template":"","meta":[],"product_brand":[],"product_cat":[299],"product_tag":[238],"class_list":{"0":"post-6692","1":"product","2":"type-product","3":"status-publish","4":"has-post-thumbnail","6":"product_cat-divina-one","7":"product_tag-shop","9":"first","10":"instock","11":"sale","12":"taxable","13":"shipping-taxable","14":"purchasable","15":"product-type-variable"},"_links":{"self":[{"href":"https:\/\/garola.es\/es\/wp-json\/wp\/v2\/product\/6692","targetHints":{"allow":["GET"]}}],"collection":[{"href":"https:\/\/garola.es\/es\/wp-json\/wp\/v2\/product"}],"about":[{"href":"https:\/\/garola.es\/es\/wp-json\/wp\/v2\/types\/product"}],"version-history":[{"count":4,"href":"https:\/\/garola.es\/es\/wp-json\/wp\/v2\/product\/6692\/revisions"}],"predecessor-version":[{"id":6908,"href":"https:\/\/garola.es\/es\/wp-json\/wp\/v2\/product\/6692\/revisions\/6908"}],"wp:featuredmedia":[{"embeddable":true,"href":"https:\/\/garola.es\/es\/wp-json\/wp\/v2\/media\/6921"}],"wp:attachment":[{"href":"https:\/\/garola.es\/es\/wp-json\/wp\/v2\/media?parent=6692"}],"wp:term":[{"taxonomy":"product_brand","embeddable":true,"href":"https:\/\/garola.es\/es\/wp-json\/wp\/v2\/product_brand?post=6692"},{"taxonomy":"product_cat","embeddable":true,"href":"https:\/\/garola.es\/es\/wp-json\/wp\/v2\/product_cat?post=6692"},{"taxonomy":"product_tag","embeddable":true,"href":"https:\/\/garola.es\/es\/wp-json\/wp\/v2\/product_tag?post=6692"}],"curies":[{"name":"wp","href":"https:\/\/api.w.org\/{rel}","templated":true}]}}