{"id":6933,"date":"2026-03-06T18:36:31","date_gmt":"2026-03-06T18:36:31","guid":{"rendered":"https:\/\/garola.es\/pano-cocina-f-c-barcelona\/"},"modified":"2026-03-06T18:36:31","modified_gmt":"2026-03-06T18:36:31","slug":"pano-cocina-f-c-barcelona","status":"publish","type":"product","link":"https:\/\/garola.es\/es\/pano-cocina-f-c-barcelona\/","title":{"rendered":"pa\u00f1o cocina F.C.Barcelona"},"content":{"rendered":"<p>pa\u00f1o cocina F.C. Barcelona<\/p>\n<p>&nbsp;<\/p>\n<p>&nbsp;<\/p>\n<p>&nbsp;<\/p>\n<p>&nbsp;<\/p>\n<p>&nbsp;<\/p>\n<p>&nbsp;<\/p>\n<p>&nbsp;<\/p>\n","protected":false},"excerpt":{"rendered":"<p>pa\u00f1o cocina F.C. Barcelona<\/p>\n<p>Aqu\u00ed ten\u00e9is el pa\u00f1o de cocina del Bar\u00e7a! Con fondo azul el\u00e9ctrico y el escudo al centro<\/p>\n<p>Medida del pa\u00f1o: 30x 30 cm.<\/p>\n<p>Producto oficial F.C.Barcelona<\/p>\n<p>Composici\u00f3n : 100% algod\u00f3n<\/p>\n<p>&nbsp;<\/p>\n<p>&nbsp;<\/p>\n","protected":false},"featured_media":6932,"template":"","meta":[],"product_brand":[],"product_cat":[298],"product_tag":[240],"class_list":{"0":"post-6933","1":"product","2":"type-product","3":"status-publish","4":"has-post-thumbnail","6":"product_cat-f-c-barcelona","7":"product_tag-shop-es","9":"first","10":"instock","11":"featured","12":"taxable","13":"shipping-taxable","14":"purchasable","15":"product-type-simple"},"_links":{"self":[{"href":"https:\/\/garola.es\/es\/wp-json\/wp\/v2\/product\/6933","targetHints":{"allow":["GET"]}}],"collection":[{"href":"https:\/\/garola.es\/es\/wp-json\/wp\/v2\/product"}],"about":[{"href":"https:\/\/garola.es\/es\/wp-json\/wp\/v2\/types\/product"}],"version-history":[{"count":0,"href":"https:\/\/garola.es\/es\/wp-json\/wp\/v2\/product\/6933\/revisions"}],"wp:featuredmedia":[{"embeddable":true,"href":"https:\/\/garola.es\/es\/wp-json\/wp\/v2\/media\/6932"}],"wp:attachment":[{"href":"https:\/\/garola.es\/es\/wp-json\/wp\/v2\/media?parent=6933"}],"wp:term":[{"taxonomy":"product_brand","embeddable":true,"href":"https:\/\/garola.es\/es\/wp-json\/wp\/v2\/product_brand?post=6933"},{"taxonomy":"product_cat","embeddable":true,"href":"https:\/\/garola.es\/es\/wp-json\/wp\/v2\/product_cat?post=6933"},{"taxonomy":"product_tag","embeddable":true,"href":"https:\/\/garola.es\/es\/wp-json\/wp\/v2\/product_tag?post=6933"}],"curies":[{"name":"wp","href":"https:\/\/api.w.org\/{rel}","templated":true}]}}