{"id":7063,"date":"2026-04-24T09:46:25","date_gmt":"2026-04-24T09:46:25","guid":{"rendered":"https:\/\/garola.es\/?post_type=product&#038;p=7063"},"modified":"2026-04-25T09:13:45","modified_gmt":"2026-04-25T09:13:45","slug":"calcetines-batman-comic-copia-copia","status":"publish","type":"product","link":"https:\/\/garola.es\/es\/calcetines-batman-comic-copia-copia\/","title":{"rendered":"Calcetines Real Madrid"},"content":{"rendered":"<p>Calcetines Real Madrid<\/p>\n<p>&nbsp;<\/p>\n","protected":false},"excerpt":{"rendered":"<p>Calcetines Real Madrid<\/p>\n<p>Medio en el que aparece el escudo del Real Madrid y de fondo el Santiago Bernabeu<\/p>\n<p>Un producto muy original, ideal para regalo de complemento.<\/p>\n<p>Estampaci\u00f3n digital.<\/p>\n<p>Talla \u00danica: (40-45)<\/p>\n<p>Composici\u00f3n: 80% algod\u00f3n 15% microfibra 5%elast\u00e1n<\/p>\n","protected":false},"featured_media":7065,"template":"","meta":[],"product_brand":[],"product_cat":[158],"product_tag":[240],"class_list":{"0":"post-7063","1":"product","2":"type-product","3":"status-publish","4":"has-post-thumbnail","6":"product_cat-calcetines-es","7":"product_tag-shop-es","9":"first","10":"instock","11":"taxable","12":"shipping-taxable","13":"purchasable","14":"product-type-simple"},"_links":{"self":[{"href":"https:\/\/garola.es\/es\/wp-json\/wp\/v2\/product\/7063","targetHints":{"allow":["GET"]}}],"collection":[{"href":"https:\/\/garola.es\/es\/wp-json\/wp\/v2\/product"}],"about":[{"href":"https:\/\/garola.es\/es\/wp-json\/wp\/v2\/types\/product"}],"version-history":[{"count":1,"href":"https:\/\/garola.es\/es\/wp-json\/wp\/v2\/product\/7063\/revisions"}],"predecessor-version":[{"id":7085,"href":"https:\/\/garola.es\/es\/wp-json\/wp\/v2\/product\/7063\/revisions\/7085"}],"wp:featuredmedia":[{"embeddable":true,"href":"https:\/\/garola.es\/es\/wp-json\/wp\/v2\/media\/7065"}],"wp:attachment":[{"href":"https:\/\/garola.es\/es\/wp-json\/wp\/v2\/media?parent=7063"}],"wp:term":[{"taxonomy":"product_brand","embeddable":true,"href":"https:\/\/garola.es\/es\/wp-json\/wp\/v2\/product_brand?post=7063"},{"taxonomy":"product_cat","embeddable":true,"href":"https:\/\/garola.es\/es\/wp-json\/wp\/v2\/product_cat?post=7063"},{"taxonomy":"product_tag","embeddable":true,"href":"https:\/\/garola.es\/es\/wp-json\/wp\/v2\/product_tag?post=7063"}],"curies":[{"name":"wp","href":"https:\/\/api.w.org\/{rel}","templated":true}]}}