{"id":7069,"date":"2026-04-24T09:55:56","date_gmt":"2026-04-24T09:55:56","guid":{"rendered":"https:\/\/garola.es\/?post_type=product&#038;p=7069"},"modified":"2026-04-25T09:13:45","modified_gmt":"2026-04-25T09:13:45","slug":"calcetines-batman-comic-copia-copia-copia","status":"publish","type":"product","link":"https:\/\/garola.es\/es\/calcetines-batman-comic-copia-copia-copia\/","title":{"rendered":"Calcetines F\u00fatbol Club Barcelona"},"content":{"rendered":"<p>Calcetines F\u00fatbol Club Barcelona<\/p>\n<p>&nbsp;<\/p>\n","protected":false},"excerpt":{"rendered":"<p>Calcetines F\u00fatbol Club Barcelona<\/p>\n<p>Medio en el que aparece el Camp Nou con el escrito Cul\u00e9 Power<\/p>\n<p>Un producto muy original, ideal para regalo de complemento.<\/p>\n<p>Estampaci\u00f3n digital.<\/p>\n<p>Talla \u00danica: (40-45)<\/p>\n<p>Composici\u00f3n: 80% algod\u00f3n 15% microfibra 5%elast\u00e1n<\/p>\n","protected":false},"featured_media":7071,"template":"","meta":[],"product_brand":[],"product_cat":[158,298],"product_tag":[240],"class_list":{"0":"post-7069","1":"product","2":"type-product","3":"status-publish","4":"has-post-thumbnail","6":"product_cat-calcetines-es","7":"product_cat-f-c-barcelona","8":"product_tag-shop-es","10":"first","11":"instock","12":"taxable","13":"shipping-taxable","14":"purchasable","15":"product-type-simple"},"_links":{"self":[{"href":"https:\/\/garola.es\/es\/wp-json\/wp\/v2\/product\/7069","targetHints":{"allow":["GET"]}}],"collection":[{"href":"https:\/\/garola.es\/es\/wp-json\/wp\/v2\/product"}],"about":[{"href":"https:\/\/garola.es\/es\/wp-json\/wp\/v2\/types\/product"}],"version-history":[{"count":1,"href":"https:\/\/garola.es\/es\/wp-json\/wp\/v2\/product\/7069\/revisions"}],"predecessor-version":[{"id":7087,"href":"https:\/\/garola.es\/es\/wp-json\/wp\/v2\/product\/7069\/revisions\/7087"}],"wp:featuredmedia":[{"embeddable":true,"href":"https:\/\/garola.es\/es\/wp-json\/wp\/v2\/media\/7071"}],"wp:attachment":[{"href":"https:\/\/garola.es\/es\/wp-json\/wp\/v2\/media?parent=7069"}],"wp:term":[{"taxonomy":"product_brand","embeddable":true,"href":"https:\/\/garola.es\/es\/wp-json\/wp\/v2\/product_brand?post=7069"},{"taxonomy":"product_cat","embeddable":true,"href":"https:\/\/garola.es\/es\/wp-json\/wp\/v2\/product_cat?post=7069"},{"taxonomy":"product_tag","embeddable":true,"href":"https:\/\/garola.es\/es\/wp-json\/wp\/v2\/product_tag?post=7069"}],"curies":[{"name":"wp","href":"https:\/\/api.w.org\/{rel}","templated":true}]}}